{"id":1859,"date":"2024-02-05T08:52:22","date_gmt":"2024-02-05T08:52:22","guid":{"rendered":"https:\/\/inn-vesta.com\/?page_id=1859"},"modified":"2025-01-22T17:54:43","modified_gmt":"2025-01-22T17:54:43","slug":"password-reset","status":"publish","type":"page","link":"https:\/\/inn-vesta.com\/fr\/password-reset\/","title":{"rendered":"Reset password"},"content":{"rendered":"\t\t<div data-elementor-type=\"wp-page\" data-elementor-id=\"1859\" class=\"elementor elementor-1859\" data-elementor-post-type=\"page\">\n\t\t\t\t<div class=\"elementor-element elementor-element-d65b3cb reset-password-hero-section e-flex e-con-boxed e-con e-parent\" data-id=\"d65b3cb\" data-element_type=\"container\" data-settings=\"{&quot;background_background&quot;:&quot;classic&quot;}\">\n\t\t\t\t\t<div class=\"e-con-inner\">\n\t\t\t\t<div class=\"elementor-element elementor-element-b1bea6d elementor-widget elementor-widget-heading\" data-id=\"b1bea6d\" data-element_type=\"widget\" data-widget_type=\"heading.default\">\n\t\t\t\t<div class=\"elementor-widget-container\">\n\t\t\t\t\t<h1 class=\"elementor-heading-title elementor-size-default\">Reset your password<\/h1>\t\t\t\t<\/div>\n\t\t\t\t<\/div>\n\t\t\t\t<div class=\"elementor-element elementor-element-94fe0f0 curved-line elementor-widget elementor-widget-image\" data-id=\"94fe0f0\" data-element_type=\"widget\" data-widget_type=\"image.default\">\n\t\t\t\t<div class=\"elementor-widget-container\">\n\t\t\t\t\t\t\t\t\t\t\t\t\t\t\t<img decoding=\"async\" width=\"58\" height=\"9\" src=\"https:\/\/inn-vesta.com\/wp-content\/uploads\/curved-line-icon.svg\" class=\"attachment-full size-full wp-image-1863\" alt=\"\" \/>\t\t\t\t\t\t\t\t\t\t\t\t\t\t\t<\/div>\n\t\t\t\t<\/div>\n\t\t\t\t\t<\/div>\n\t\t\t\t<\/div>\n\t\t<div class=\"elementor-element elementor-element-48fd6ec e-flex e-con-boxed e-con e-parent\" data-id=\"48fd6ec\" data-element_type=\"container\">\n\t\t\t\t\t<div class=\"e-con-inner\">\n\t\t\t\t<div class=\"elementor-element elementor-element-92a602b elementor-align-center elementor-widget elementor-widget-breadcrumbs\" data-id=\"92a602b\" data-element_type=\"widget\" data-widget_type=\"breadcrumbs.default\">\n\t\t\t\t<div class=\"elementor-widget-container\">\n\t\t\t\t\t<p id=\"breadcrumbs\"><span><span><a href=\"https:\/\/inn-vesta.com\/fr\/\">Innvesta Dubai<\/a><\/span><\/span><\/p>\t\t\t\t<\/div>\n\t\t\t\t<\/div>\n\t\t<div class=\"elementor-element elementor-element-62237b8 e-flex e-con-boxed e-con e-child\" data-id=\"62237b8\" data-element_type=\"container\" data-settings=\"{&quot;background_background&quot;:&quot;classic&quot;}\">\n\t\t\t\t\t<div class=\"e-con-inner\">\n\t\t\t\t<div class=\"elementor-element elementor-element-11ae730 elementor-widget elementor-widget-heading\" data-id=\"11ae730\" data-element_type=\"widget\" data-widget_type=\"heading.default\">\n\t\t\t\t<div class=\"elementor-widget-container\">\n\t\t\t\t\t<h4 class=\"elementor-heading-title elementor-size-default\">Reset Password<\/h4>\t\t\t\t<\/div>\n\t\t\t\t<\/div>\n\t\t\t\t<div class=\"elementor-element elementor-element-87742af reset-password-form-section elementor-widget elementor-widget-jet-form-builder-form\" data-id=\"87742af\" data-element_type=\"widget\" data-widget_type=\"jet-form-builder-form.default\">\n\t\t\t\t<div class=\"elementor-widget-container\">\n\t\t\t\t\t<link rel='stylesheet' id='wp-block-library-css' href='https:\/\/inn-vesta.com\/wp-includes\/css\/dist\/block-library\/style.min.css?ver=6.9.4' media='all' \/>\n<style id=\"jet-form-builder-1867-inline-css\"><\/style><form  class=\"jet-form-builder layout-column submit-type-ajax\" action=\"https:\/\/inn-vesta.com\/fr\/wp-json\/wp\/v2\/pages\/1859\/?HXW0T5=joQwQwvOp9&amp;method=reload\" method=\"POST\" data-form-id=\"1867\" data-layout=\"column\" enctype=\"multipart\/form-data\" novalidate=\"null\" ssr_validation_method=\"rest\">\r\n<input type=\"hidden\" name=\"_jfb_current_render_states[]\" value=\"DEFAULT.STATE\" data-jfb-sync \/><input type=\"hidden\" class=\"jet-form-builder__field hidden-field\" name=\"_jet_engine_booking_form_id\" data-field-name=\"_jet_engine_booking_form_id\" value=\"1867\">\n<input type=\"hidden\" class=\"jet-form-builder__field hidden-field\" name=\"_jet_engine_refer\" data-field-name=\"_jet_engine_refer\" value=\"https:\/\/inn-vesta.com\/fr\/wp-json\/wp\/v2\/pages\/1859\/\">\n<input type=\"hidden\" class=\"jet-form-builder__field hidden-field\" name=\"__queried_post_id\" data-field-name=\"__queried_post_id\" value=\"1859\">\n\n<input type=\"hidden\" class=\"jet-form-builder__field hidden-field\" name=\"reset-password-form\" data-field-name=\"reset-password-form\" data-jfb-sync=\"null\" value=\"1859\">\n\n\n\n\n<div  class=\"jet-form-builder-row field-type-text-field\" >\n<div class=\"jet-form-builder__label\">\r\n<div class=\"jet-form-builder__label-text\">Email Address<\/div><\/div><div class=\"jet-form-builder__field-wrap\">\n\t\t\t\t<input placeholder=\"Your Email Address *\" name=\"user_login_or_email\" id=\"user_login_or_email\" type=\"text\" data-field-name=\"user_login_or_email\" class=\"jet-form-builder__field text-field\" data-jfb-sync=\"null\" autocomplete=\"off_rpIX6ekd\">\n\t\t\t\t\t<\/div>\n<\/div>\n\n\n\n<h6 class=\"wp-block-heading remembered-password-text\"><a href=\"\/login\/\"><mark style=\"background-color:rgba(0, 0, 0, 0);color:#ca9f81\" class=\"has-inline-color\">I've remembered it<\/mark><\/a><\/h6>\n\n\n\n<div  class=\"jet-form-builder-row field-type-submit-field\" >\n\t<div data-type=\"submit\" class=\"jet-form-builder__action-button-wrapper jet-form-builder__submit-wrap\">\n\t<button class=\"jet-form-builder__action-button jet-form-builder__submit submit-type-ajax\" type=\"submit\">Reset Password<\/button>\n\t<\/div>\n\t\n<\/div>\n\t<div class=\"jet-form-builder-messages-wrap\" data-form-id=\"1867\"><\/div>\n<\/form>\n\t\t\t\t<\/div>\n\t\t\t\t<\/div>\n\t\t\t\t\t<\/div>\n\t\t\t\t<\/div>\n\t\t\t\t\t<\/div>\n\t\t\t\t<\/div>\n\t\t\t\t<\/div>\n\t\t","protected":false},"excerpt":{"rendered":"<p>Reset your password Reset Password Email Address I&#8217;ve remembered it Reset Password<\/p>\n","protected":false},"author":1,"featured_media":268,"parent":0,"menu_order":0,"comment_status":"closed","ping_status":"closed","template":"","meta":{"footnotes":""},"class_list":["post-1859","page","type-page","status-publish","has-post-thumbnail","hentry"],"yoast_head":"<!-- This site is optimized with the Yoast SEO plugin v25.5 - https:\/\/yoast.com\/wordpress\/plugins\/seo\/ -->\n<title>R\u00e9initialiser le mot de passe | Innvesta<\/title>\n<meta name=\"description\" content=\"R\u00e9initialisez votre mot de passe Innvesta et s\u00e9curisez votre compte. Poursuivez votre d\u00e9couverte des opportunit\u00e9s immobili\u00e8res \u00e0 Duba\u00ef.\u202f\" \/>\n<meta name=\"robots\" content=\"noindex, follow\" \/>\n<meta property=\"og:locale\" content=\"fr_FR\" \/>\n<meta property=\"og:type\" content=\"article\" \/>\n<meta property=\"og:title\" content=\"R\u00e9initialiser le mot de passe | Innvesta\" \/>\n<meta property=\"og:description\" content=\"R\u00e9initialisez votre mot de passe Innvesta et s\u00e9curisez votre compte. Poursuivez votre d\u00e9couverte des opportunit\u00e9s immobili\u00e8res \u00e0 Duba\u00ef.\u202f\" \/>\n<meta property=\"og:url\" content=\"https:\/\/inn-vesta.com\/fr\/password-reset\/\" \/>\n<meta property=\"og:site_name\" content=\"Innvesta\" \/>\n<meta property=\"article:modified_time\" content=\"2025-01-22T17:54:43+00:00\" \/>\n<meta property=\"og:image\" content=\"https:\/\/inn-vesta.com\/wp-content\/uploads\/footer-logo-img.png\" \/>\n\t<meta property=\"og:image:width\" content=\"1509\" \/>\n\t<meta property=\"og:image:height\" content=\"2042\" \/>\n\t<meta property=\"og:image:type\" content=\"image\/png\" \/>\n<meta name=\"twitter:card\" content=\"summary_large_image\" \/>\n<meta name=\"twitter:label1\" content=\"Dur\u00e9e de lecture estim\u00e9e\" \/>\n\t<meta name=\"twitter:data1\" content=\"1 minute\" \/>\n<script type=\"application\/ld+json\" class=\"yoast-schema-graph\">{\"@context\":\"https:\/\/schema.org\",\"@graph\":[{\"@type\":\"WebPage\",\"@id\":\"https:\/\/inn-vesta.com\/fr\/password-reset\/\",\"url\":\"https:\/\/inn-vesta.com\/fr\/password-reset\/\",\"name\":\"R\u00e9initialiser le mot de passe | Innvesta\",\"isPartOf\":{\"@id\":\"https:\/\/inn-vesta.com\/fr\/#website\"},\"primaryImageOfPage\":{\"@id\":\"https:\/\/inn-vesta.com\/fr\/password-reset\/#primaryimage\"},\"image\":{\"@id\":\"https:\/\/inn-vesta.com\/fr\/password-reset\/#primaryimage\"},\"thumbnailUrl\":\"https:\/\/inn-vesta.com\/wp-content\/uploads\/footer-logo-img.png\",\"datePublished\":\"2024-02-05T08:52:22+00:00\",\"dateModified\":\"2025-01-22T17:54:43+00:00\",\"description\":\"R\u00e9initialisez votre mot de passe Innvesta et s\u00e9curisez votre compte. Poursuivez votre d\u00e9couverte des opportunit\u00e9s immobili\u00e8res \u00e0 Duba\u00ef.\u202f\",\"breadcrumb\":{\"@id\":\"https:\/\/inn-vesta.com\/fr\/password-reset\/#breadcrumb\"},\"inLanguage\":\"fr-FR\",\"potentialAction\":[{\"@type\":\"ReadAction\",\"target\":[\"https:\/\/inn-vesta.com\/fr\/password-reset\/\"]}]},{\"@type\":\"ImageObject\",\"inLanguage\":\"fr-FR\",\"@id\":\"https:\/\/inn-vesta.com\/fr\/password-reset\/#primaryimage\",\"url\":\"https:\/\/inn-vesta.com\/wp-content\/uploads\/footer-logo-img.png\",\"contentUrl\":\"https:\/\/inn-vesta.com\/wp-content\/uploads\/footer-logo-img.png\",\"width\":1509,\"height\":2042},{\"@type\":\"BreadcrumbList\",\"@id\":\"https:\/\/inn-vesta.com\/fr\/password-reset\/#breadcrumb\",\"itemListElement\":[{\"@type\":\"ListItem\",\"position\":1,\"name\":\"Innvesta Dubai\",\"item\":\"https:\/\/inn-vesta.com\/fr\/\"},{\"@type\":\"ListItem\",\"position\":2,\"name\":\"Reset password\"}]},{\"@type\":\"WebSite\",\"@id\":\"https:\/\/inn-vesta.com\/fr\/#website\",\"url\":\"https:\/\/inn-vesta.com\/fr\/\",\"name\":\"Innvesta Dubai\",\"description\":\"Votre partenaire francophone en immobilier a Dubai\",\"publisher\":{\"@id\":\"https:\/\/inn-vesta.com\/fr\/#organization\"},\"potentialAction\":[{\"@type\":\"SearchAction\",\"target\":{\"@type\":\"EntryPoint\",\"urlTemplate\":\"https:\/\/inn-vesta.com\/fr\/?s={search_term_string}\"},\"query-input\":{\"@type\":\"PropertyValueSpecification\",\"valueRequired\":true,\"valueName\":\"search_term_string\"}}],\"inLanguage\":\"fr-FR\"},{\"@type\":\"Organization\",\"@id\":\"https:\/\/inn-vesta.com\/fr\/#organization\",\"name\":\"Innvesta Dubai\",\"url\":\"https:\/\/inn-vesta.com\/fr\/\",\"logo\":{\"@type\":\"ImageObject\",\"inLanguage\":\"fr-FR\",\"@id\":\"https:\/\/inn-vesta.com\/fr\/#\/schema\/logo\/image\/\",\"url\":\"https:\/\/inn-vesta.com\/wp-content\/uploads\/site-black-logo-svg.svg\",\"contentUrl\":\"https:\/\/inn-vesta.com\/wp-content\/uploads\/site-black-logo-svg.svg\",\"width\":4140,\"height\":1294,\"caption\":\"Innvesta Dubai\"},\"image\":{\"@id\":\"https:\/\/inn-vesta.com\/fr\/#\/schema\/logo\/image\/\"}}]}<\/script>\n<!-- \/ Yoast SEO plugin. -->","yoast_head_json":{"title":"R\u00e9initialiser le mot de passe | Innvesta","description":"R\u00e9initialisez votre mot de passe Innvesta et s\u00e9curisez votre compte. Poursuivez votre d\u00e9couverte des opportunit\u00e9s immobili\u00e8res \u00e0 Duba\u00ef.\u202f","robots":{"index":"noindex","follow":"follow"},"og_locale":"fr_FR","og_type":"article","og_title":"R\u00e9initialiser le mot de passe | Innvesta","og_description":"R\u00e9initialisez votre mot de passe Innvesta et s\u00e9curisez votre compte. Poursuivez votre d\u00e9couverte des opportunit\u00e9s immobili\u00e8res \u00e0 Duba\u00ef.\u202f","og_url":"https:\/\/inn-vesta.com\/fr\/password-reset\/","og_site_name":"Innvesta","article_modified_time":"2025-01-22T17:54:43+00:00","og_image":[{"width":1509,"height":2042,"url":"https:\/\/inn-vesta.com\/wp-content\/uploads\/footer-logo-img.png","type":"image\/png"}],"twitter_card":"summary_large_image","twitter_misc":{"Dur\u00e9e de lecture estim\u00e9e":"1 minute"},"schema":{"@context":"https:\/\/schema.org","@graph":[{"@type":"WebPage","@id":"https:\/\/inn-vesta.com\/fr\/password-reset\/","url":"https:\/\/inn-vesta.com\/fr\/password-reset\/","name":"R\u00e9initialiser le mot de passe | Innvesta","isPartOf":{"@id":"https:\/\/inn-vesta.com\/fr\/#website"},"primaryImageOfPage":{"@id":"https:\/\/inn-vesta.com\/fr\/password-reset\/#primaryimage"},"image":{"@id":"https:\/\/inn-vesta.com\/fr\/password-reset\/#primaryimage"},"thumbnailUrl":"https:\/\/inn-vesta.com\/wp-content\/uploads\/footer-logo-img.png","datePublished":"2024-02-05T08:52:22+00:00","dateModified":"2025-01-22T17:54:43+00:00","description":"R\u00e9initialisez votre mot de passe Innvesta et s\u00e9curisez votre compte. Poursuivez votre d\u00e9couverte des opportunit\u00e9s immobili\u00e8res \u00e0 Duba\u00ef.\u202f","breadcrumb":{"@id":"https:\/\/inn-vesta.com\/fr\/password-reset\/#breadcrumb"},"inLanguage":"fr-FR","potentialAction":[{"@type":"ReadAction","target":["https:\/\/inn-vesta.com\/fr\/password-reset\/"]}]},{"@type":"ImageObject","inLanguage":"fr-FR","@id":"https:\/\/inn-vesta.com\/fr\/password-reset\/#primaryimage","url":"https:\/\/inn-vesta.com\/wp-content\/uploads\/footer-logo-img.png","contentUrl":"https:\/\/inn-vesta.com\/wp-content\/uploads\/footer-logo-img.png","width":1509,"height":2042},{"@type":"BreadcrumbList","@id":"https:\/\/inn-vesta.com\/fr\/password-reset\/#breadcrumb","itemListElement":[{"@type":"ListItem","position":1,"name":"Innvesta Dubai","item":"https:\/\/inn-vesta.com\/fr\/"},{"@type":"ListItem","position":2,"name":"Reset password"}]},{"@type":"WebSite","@id":"https:\/\/inn-vesta.com\/fr\/#website","url":"https:\/\/inn-vesta.com\/fr\/","name":"Innvesta Dubai","description":"Votre partenaire francophone en immobilier a Dubai","publisher":{"@id":"https:\/\/inn-vesta.com\/fr\/#organization"},"potentialAction":[{"@type":"SearchAction","target":{"@type":"EntryPoint","urlTemplate":"https:\/\/inn-vesta.com\/fr\/?s={search_term_string}"},"query-input":{"@type":"PropertyValueSpecification","valueRequired":true,"valueName":"search_term_string"}}],"inLanguage":"fr-FR"},{"@type":"Organization","@id":"https:\/\/inn-vesta.com\/fr\/#organization","name":"Innvesta Dubai","url":"https:\/\/inn-vesta.com\/fr\/","logo":{"@type":"ImageObject","inLanguage":"fr-FR","@id":"https:\/\/inn-vesta.com\/fr\/#\/schema\/logo\/image\/","url":"https:\/\/inn-vesta.com\/wp-content\/uploads\/site-black-logo-svg.svg","contentUrl":"https:\/\/inn-vesta.com\/wp-content\/uploads\/site-black-logo-svg.svg","width":4140,"height":1294,"caption":"Innvesta Dubai"},"image":{"@id":"https:\/\/inn-vesta.com\/fr\/#\/schema\/logo\/image\/"}}]}},"_links":{"self":[{"href":"https:\/\/inn-vesta.com\/fr\/wp-json\/wp\/v2\/pages\/1859","targetHints":{"allow":["GET"]}}],"collection":[{"href":"https:\/\/inn-vesta.com\/fr\/wp-json\/wp\/v2\/pages"}],"about":[{"href":"https:\/\/inn-vesta.com\/fr\/wp-json\/wp\/v2\/types\/page"}],"author":[{"embeddable":true,"href":"https:\/\/inn-vesta.com\/fr\/wp-json\/wp\/v2\/users\/1"}],"replies":[{"embeddable":true,"href":"https:\/\/inn-vesta.com\/fr\/wp-json\/wp\/v2\/comments?post=1859"}],"version-history":[{"count":0,"href":"https:\/\/inn-vesta.com\/fr\/wp-json\/wp\/v2\/pages\/1859\/revisions"}],"wp:featuredmedia":[{"embeddable":true,"href":"https:\/\/inn-vesta.com\/fr\/wp-json\/wp\/v2\/media\/268"}],"wp:attachment":[{"href":"https:\/\/inn-vesta.com\/fr\/wp-json\/wp\/v2\/media?parent=1859"}],"curies":[{"name":"wp","href":"https:\/\/api.w.org\/{rel}","templated":true}]}}