{"id":1908,"date":"2024-02-05T09:39:20","date_gmt":"2024-02-05T09:39:20","guid":{"rendered":"https:\/\/inn-vesta.com\/?page_id=1908"},"modified":"2025-01-22T18:21:13","modified_gmt":"2025-01-22T18:21:13","slug":"login","status":"publish","type":"page","link":"https:\/\/inn-vesta.com\/fr\/login\/","title":{"rendered":"Login"},"content":{"rendered":"\t\t<div data-elementor-type=\"wp-page\" data-elementor-id=\"1908\" class=\"elementor elementor-1908\" data-elementor-post-type=\"page\">\n\t\t\t\t<div class=\"elementor-element elementor-element-da48f08 e-flex e-con-boxed e-con e-parent\" data-id=\"da48f08\" data-element_type=\"container\" data-settings=\"{&quot;background_background&quot;:&quot;classic&quot;}\">\n\t\t\t\t\t<div class=\"e-con-inner\">\n\t\t\t\t<div class=\"elementor-element elementor-element-495f096 elementor-widget elementor-widget-heading\" data-id=\"495f096\" data-element_type=\"widget\" data-widget_type=\"heading.default\">\n\t\t\t\t<div class=\"elementor-widget-container\">\n\t\t\t\t\t<h1 class=\"elementor-heading-title elementor-size-default\">Login<span class=\"brown-dot\">.<\/span><\/h1>\t\t\t\t<\/div>\n\t\t\t\t<\/div>\n\t\t\t\t<div class=\"elementor-element elementor-element-29d94d2 curved-line elementor-widget elementor-widget-image\" data-id=\"29d94d2\" data-element_type=\"widget\" data-widget_type=\"image.default\">\n\t\t\t\t<div class=\"elementor-widget-container\">\n\t\t\t\t\t\t\t\t\t\t\t\t\t\t\t<img decoding=\"async\" width=\"58\" height=\"9\" src=\"https:\/\/inn-vesta.com\/wp-content\/uploads\/curved-line-icon.svg\" class=\"attachment-full size-full wp-image-1863\" alt=\"\" \/>\t\t\t\t\t\t\t\t\t\t\t\t\t\t\t<\/div>\n\t\t\t\t<\/div>\n\t\t\t\t<div class=\"elementor-element elementor-element-7901147 elementor-widget elementor-widget-heading\" data-id=\"7901147\" data-element_type=\"widget\" data-widget_type=\"heading.default\">\n\t\t\t\t<div class=\"elementor-widget-container\">\n\t\t\t\t\t<p class=\"elementor-heading-title elementor-size-default\">Content coming soon...<\/p>\t\t\t\t<\/div>\n\t\t\t\t<\/div>\n\t\t\t\t\t<\/div>\n\t\t\t\t<\/div>\n\t\t<div class=\"elementor-element elementor-element-e9bc950 e-flex e-con-boxed e-con e-parent\" data-id=\"e9bc950\" data-element_type=\"container\">\n\t\t\t\t\t<div class=\"e-con-inner\">\n\t\t\t\t<div class=\"elementor-element elementor-element-ab49568 elementor-widget__width-inherit elementor-widget elementor-widget-breadcrumbs\" data-id=\"ab49568\" data-element_type=\"widget\" data-widget_type=\"breadcrumbs.default\">\n\t\t\t\t<div class=\"elementor-widget-container\">\n\t\t\t\t\t<p id=\"breadcrumbs\"><span><span><a href=\"https:\/\/inn-vesta.com\/fr\/\">Innvesta Dubai<\/a><\/span><\/span><\/p>\t\t\t\t<\/div>\n\t\t\t\t<\/div>\n\t\t<div class=\"elementor-element elementor-element-466d9c2 e-con-full e-flex e-con e-child\" data-id=\"466d9c2\" data-element_type=\"container\" data-settings=\"{&quot;background_background&quot;:&quot;classic&quot;}\">\n\t\t\t\t<div class=\"elementor-element elementor-element-741f19e elementor-widget elementor-widget-heading\" data-id=\"741f19e\" data-element_type=\"widget\" data-widget_type=\"heading.default\">\n\t\t\t\t<div class=\"elementor-widget-container\">\n\t\t\t\t\t<h2 class=\"elementor-heading-title elementor-size-default\">S'inscrire<\/h2>\t\t\t\t<\/div>\n\t\t\t\t<\/div>\n\t\t\t\t<div class=\"elementor-element elementor-element-f327623 register-form-login-page elementor-widget elementor-widget-jet-form-builder-form\" data-id=\"f327623\" data-element_type=\"widget\" data-widget_type=\"jet-form-builder-form.default\">\n\t\t\t\t<div class=\"elementor-widget-container\">\n\t\t\t\t\t<link rel='stylesheet' id='wp-block-library-css' href='https:\/\/inn-vesta.com\/wp-includes\/css\/dist\/block-library\/style.min.css?ver=6.9.4' media='all' \/>\n<style id=\"jet-form-builder-1844-inline-css\"><\/style><form  class=\"jet-form-builder layout-column submit-type-ajax\" action=\"https:\/\/inn-vesta.com\/fr\/wp-json\/wp\/v2\/pages\/1908\/?HXW0T5=joQwQwvOp9&amp;method=reload\" method=\"POST\" data-form-id=\"1844\" data-layout=\"column\" enctype=\"multipart\/form-data\" novalidate=\"null\" ssr_validation_method=\"rest\">\r\n<input type=\"hidden\" name=\"_jfb_current_render_states[]\" value=\"DEFAULT.STATE\" data-jfb-sync \/><input type=\"hidden\" class=\"jet-form-builder__field hidden-field\" name=\"_jet_engine_booking_form_id\" data-field-name=\"_jet_engine_booking_form_id\" value=\"1844\">\n<input type=\"hidden\" class=\"jet-form-builder__field hidden-field\" name=\"_jet_engine_refer\" data-field-name=\"_jet_engine_refer\" value=\"https:\/\/inn-vesta.com\/fr\/wp-json\/wp\/v2\/pages\/1908\/\">\n<input type=\"hidden\" class=\"jet-form-builder__field hidden-field\" name=\"__queried_post_id\" data-field-name=\"__queried_post_id\" value=\"1908\">\n\n<input type=\"hidden\" class=\"jet-form-builder__field hidden-field\" name=\"sign-in-form\" data-field-name=\"sign-in-form\" data-jfb-sync=\"null\" value=\"1908\">\n\n\n\n<div  class=\"jet-form-builder-row field-type-text-field\" >\n<div class=\"jet-form-builder__label\">\r\n<div class=\"jet-form-builder__label-text\">Prenom<\/div><\/div><div class=\"jet-form-builder__field-wrap\">\n\t\t\t\t<input placeholder=\"Prenom\" name=\"signin-prenom-field\" id=\"signin-prenom-field\" type=\"text\" data-field-name=\"signin-prenom-field\" class=\"jet-form-builder__field text-field register-pernom-field\" data-jfb-sync=\"null\" autocomplete=\"off_fm2SUWlP\">\n\t\t\t\t\t<\/div>\n<\/div>\n\n<div  class=\"jet-form-builder-row field-type-text-field\" >\n<div class=\"jet-form-builder__label\">\r\n<div class=\"jet-form-builder__label-text\">Nom<\/div><\/div><div class=\"jet-form-builder__field-wrap\">\n\t\t\t\t<input placeholder=\"Nom\" name=\"signin-nom-field\" id=\"signin-nom-field\" type=\"text\" data-field-name=\"signin-nom-field\" class=\"jet-form-builder__field text-field register-nom-field\" data-jfb-sync=\"null\" autocomplete=\"off_7qQAI4Vs\">\n\t\t\t\t\t<\/div>\n<\/div>\n\n<div  class=\"jet-form-builder-row field-type-text-field\" >\n<div class=\"jet-form-builder__label\">\r\n<div class=\"jet-form-builder__label-text\">E-mail <\/div><\/div><div class=\"jet-form-builder__field-wrap\">\n\t\t\t\t<input placeholder=\"Adresse e-mail \" name=\"login-email-field\" id=\"login-email-field\" type=\"email\" data-field-name=\"login-email-field\" class=\"jet-form-builder__field text-field\" data-jfb-sync=\"null\" autocomplete=\"off_jpZufqer\">\n\t\t\t\t\t<\/div>\n<\/div>\n\n<div  class=\"jet-form-builder-row field-type-text-field\" >\n<div class=\"jet-form-builder__label\">\r\n<div class=\"jet-form-builder__label-text\">Telephone<\/div><\/div><div class=\"jet-form-builder__field-wrap\">\n\t\t\t\t<input placeholder=\"Telephone\" name=\"signin-telephone-field\" id=\"signin-telephone-field\" type=\"tel\" data-field-name=\"signin-telephone-field\" class=\"jet-form-builder__field text-field\" data-jfb-sync=\"null\" autocomplete=\"off_Z0TduaLM\">\n\t\t\t\t\t<\/div>\n<\/div>\n\n<div  class=\"jet-form-builder-row field-type-text-field\" >\n<div class=\"jet-form-builder__label\">\r\n<div class=\"jet-form-builder__label-text\">Mot de passe<\/div><\/div><div class=\"jet-form-builder__field-wrap\">\n\t\t\t\t<input placeholder=\"Mot de passe\" name=\"login-password-field\" id=\"login-password-field\" type=\"password\" data-field-name=\"login-password-field\" class=\"jet-form-builder__field text-field\" data-jfb-sync=\"null\" autocomplete=\"off_bwZpUc9G\">\n\t\t\t\t\t<\/div>\n<\/div>\n\n<div  data-validation-type=\"advanced\" data-validation-rules=\"[{&quot;__visible&quot;:true,&quot;type&quot;:&quot;equal&quot;,&quot;field&quot;:&quot;login-password-field&quot;,&quot;value&quot;:&quot;&quot;}]\" class=\"jet-form-builder-row field-type-text-field\" >\n<div class=\"jet-form-builder__label\">\r\n<div class=\"jet-form-builder__label-text\">Confirmez le mot de passe<\/div><\/div><div class=\"jet-form-builder__field-wrap\">\n\t\t\t\t<input placeholder=\"Confirmez le mot de passe\" name=\"login-password-field_copy\" id=\"login-password-field_copy\" type=\"password\" data-field-name=\"login-password-field_copy\" class=\"jet-form-builder__field text-field\" data-jfb-sync=\"null\" autocomplete=\"off_G93XyW5H\">\n\t\t\t\t\t<\/div>\n<\/div>\n\n\n<input type=\"hidden\" class=\"captcha-token\" name=\"_captcha_token\" value=\"\"\/>\n\n\n<div  class=\"jet-form-builder-row field-type-submit-field\" >\n\t<div data-type=\"submit\" class=\"jet-form-builder__action-button-wrapper jet-form-builder__submit-wrap\">\n\t<button class=\"jet-form-builder__action-button jet-form-builder__submit submit-type-ajax\" type=\"submit\">S'inscrire<\/button>\n\t<\/div>\n\t\n<\/div>\t<div class=\"jet-form-builder-messages-wrap\" data-form-id=\"1844\"><\/div>\n<\/form>\n\t\t\t\t<\/div>\n\t\t\t\t<\/div>\n\t\t\t\t<\/div>\n\t\t<div class=\"elementor-element elementor-element-0916f67 e-con-full e-flex e-con e-child\" data-id=\"0916f67\" data-element_type=\"container\" data-settings=\"{&quot;background_background&quot;:&quot;classic&quot;}\">\n\t\t\t\t<div class=\"elementor-element elementor-element-879d327 elementor-widget elementor-widget-heading\" data-id=\"879d327\" data-element_type=\"widget\" data-widget_type=\"heading.default\">\n\t\t\t\t<div class=\"elementor-widget-container\">\n\t\t\t\t\t<h2 class=\"elementor-heading-title elementor-size-default\">S'identifier<\/h2>\t\t\t\t<\/div>\n\t\t\t\t<\/div>\n\t\t\t\t<div class=\"elementor-element elementor-element-1e67b22 login-form-section elementor-widget elementor-widget-jet-form-builder-form\" data-id=\"1e67b22\" data-element_type=\"widget\" data-widget_type=\"jet-form-builder-form.default\">\n\t\t\t\t<div class=\"elementor-widget-container\">\n\t\t\t\t\t<style id=\"jet-form-builder-1656-inline-css\"><\/style><form  class=\"jet-form-builder layout-column submit-type-ajax\" action=\"https:\/\/inn-vesta.com\/fr\/wp-json\/wp\/v2\/pages\/1908\/?HXW0T5=joQwQwvOp9&amp;method=reload\" method=\"POST\" data-form-id=\"1656\" data-layout=\"column\" enctype=\"multipart\/form-data\" novalidate=\"null\" ssr_validation_method=\"rest\">\r\n<input type=\"hidden\" name=\"_jfb_current_render_states[]\" value=\"DEFAULT.STATE\" data-jfb-sync \/><input type=\"hidden\" class=\"jet-form-builder__field hidden-field\" name=\"_jet_engine_booking_form_id\" data-field-name=\"_jet_engine_booking_form_id\" value=\"1656\">\n<input type=\"hidden\" class=\"jet-form-builder__field hidden-field\" name=\"_jet_engine_refer\" data-field-name=\"_jet_engine_refer\" value=\"https:\/\/inn-vesta.com\/fr\/wp-json\/wp\/v2\/pages\/1908\/\">\n<input type=\"hidden\" class=\"jet-form-builder__field hidden-field\" name=\"__queried_post_id\" data-field-name=\"__queried_post_id\" value=\"1908\">\n\n<input type=\"hidden\" class=\"jet-form-builder__field hidden-field\" name=\"log-in-form\" data-field-name=\"log-in-form\" data-jfb-sync=\"null\" value=\"1908\">\n\n\n\n<div  class=\"jet-form-builder-row field-type-text-field\" >\n<div class=\"jet-form-builder__label\">\r\n<div class=\"jet-form-builder__label-text\">Adresse e-mail<\/div><\/div><div class=\"jet-form-builder__field-wrap\">\n\t\t\t\t<input placeholder=\"Adresse e-mail\" name=\"login-email-field\" id=\"login-email-field_1\" type=\"email\" data-field-name=\"login-email-field\" class=\"jet-form-builder__field text-field\" data-jfb-sync=\"null\" autocomplete=\"off_tBmPo69Y\">\n\t\t\t\t\t<\/div>\n<\/div>\n\n<div  class=\"jet-form-builder-row field-type-text-field\" >\n<div class=\"jet-form-builder__label\">\r\n<div class=\"jet-form-builder__label-text\">Mot de passe<\/div><\/div><div class=\"jet-form-builder__field-wrap\">\n\t\t\t\t<input placeholder=\"Mot de passe\" name=\"login-password-field\" id=\"login-password-field_1\" type=\"password\" data-field-name=\"login-password-field\" class=\"jet-form-builder__field text-field\" data-jfb-sync=\"null\" autocomplete=\"off_qPyZJsLl\">\n\t\t\t\t\t<\/div>\n<\/div>\n\n<div  class=\"jet-form-builder-row field-type-submit-field\" >\n\t<div data-type=\"submit\" class=\"jet-form-builder__action-button-wrapper jet-form-builder__submit-wrap\">\n\t<button class=\"jet-form-builder__action-button jet-form-builder__submit submit-type-ajax\" type=\"submit\">S'identifier<\/button>\n\t<\/div>\n\t\n<\/div>\t<div class=\"jet-form-builder-messages-wrap\" data-form-id=\"1656\"><\/div>\n<\/form>\n\t\t\t\t<\/div>\n\t\t\t\t<\/div>\n\t\t\t\t<div class=\"elementor-element elementor-element-51b8f59 elementor-widget elementor-widget-heading\" data-id=\"51b8f59\" data-element_type=\"widget\" data-widget_type=\"heading.default\">\n\t\t\t\t<div class=\"elementor-widget-container\">\n\t\t\t\t\t<p class=\"elementor-heading-title elementor-size-default\"><a href=\"https:\/\/inn-vesta.com\/fr\/password-reset\/\">Mot de passe oublie?<\/a><\/p>\t\t\t\t<\/div>\n\t\t\t\t<\/div>\n\t\t\t\t<\/div>\n\t\t\t\t\t<\/div>\n\t\t\t\t<\/div>\n\t\t\t\t<\/div>\n\t\t","protected":false},"excerpt":{"rendered":"<p>Login. Content coming soon&#8230; S&#8217;inscrire Prenom Nom E-mail Telephone Mot de passe Confirmez le mot de passe S&#8217;inscrire S&#8217;identifier Adresse e-mail Mot de passe S&#8217;identifier Mot de passe oublie?<\/p>\n","protected":false},"author":1,"featured_media":268,"parent":0,"menu_order":0,"comment_status":"closed","ping_status":"closed","template":"","meta":{"footnotes":""},"class_list":["post-1908","page","type-page","status-publish","has-post-thumbnail","hentry"],"yoast_head":"<!-- This site is optimized with the Yoast SEO plugin v25.5 - https:\/\/yoast.com\/wordpress\/plugins\/seo\/ -->\n<title>Login | Innvesta<\/title>\n<meta name=\"description\" content=\"Connectez-vous \u00e0 votre compte Innvesta pour acc\u00e9der \u00e0 des opportunit\u00e9s immobili\u00e8res exclusives \u00e0 Duba\u00ef. D\u00e9couvrez de nouveaux investissements.\" \/>\n<meta name=\"robots\" content=\"noindex, follow\" \/>\n<meta property=\"og:locale\" content=\"fr_FR\" \/>\n<meta property=\"og:type\" content=\"article\" \/>\n<meta property=\"og:title\" content=\"Login | Innvesta\" \/>\n<meta property=\"og:description\" content=\"Connectez-vous \u00e0 votre compte Innvesta pour acc\u00e9der \u00e0 des opportunit\u00e9s immobili\u00e8res exclusives \u00e0 Duba\u00ef. D\u00e9couvrez de nouveaux investissements.\" \/>\n<meta property=\"og:url\" content=\"https:\/\/inn-vesta.com\/fr\/login\/\" \/>\n<meta property=\"og:site_name\" content=\"Innvesta\" \/>\n<meta property=\"article:modified_time\" content=\"2025-01-22T18:21:13+00:00\" \/>\n<meta property=\"og:image\" content=\"https:\/\/inn-vesta.com\/wp-content\/uploads\/footer-logo-img.png\" \/>\n\t<meta property=\"og:image:width\" content=\"1509\" \/>\n\t<meta property=\"og:image:height\" content=\"2042\" \/>\n\t<meta property=\"og:image:type\" content=\"image\/png\" \/>\n<meta name=\"twitter:card\" content=\"summary_large_image\" \/>\n<meta name=\"twitter:label1\" content=\"Dur\u00e9e de lecture estim\u00e9e\" \/>\n\t<meta name=\"twitter:data1\" content=\"1 minute\" \/>\n<script type=\"application\/ld+json\" class=\"yoast-schema-graph\">{\"@context\":\"https:\/\/schema.org\",\"@graph\":[{\"@type\":\"WebPage\",\"@id\":\"https:\/\/inn-vesta.com\/fr\/login\/\",\"url\":\"https:\/\/inn-vesta.com\/fr\/login\/\",\"name\":\"Login | Innvesta\",\"isPartOf\":{\"@id\":\"https:\/\/inn-vesta.com\/fr\/#website\"},\"primaryImageOfPage\":{\"@id\":\"https:\/\/inn-vesta.com\/fr\/login\/#primaryimage\"},\"image\":{\"@id\":\"https:\/\/inn-vesta.com\/fr\/login\/#primaryimage\"},\"thumbnailUrl\":\"https:\/\/inn-vesta.com\/wp-content\/uploads\/footer-logo-img.png\",\"datePublished\":\"2024-02-05T09:39:20+00:00\",\"dateModified\":\"2025-01-22T18:21:13+00:00\",\"description\":\"Connectez-vous \u00e0 votre compte Innvesta pour acc\u00e9der \u00e0 des opportunit\u00e9s immobili\u00e8res exclusives \u00e0 Duba\u00ef. D\u00e9couvrez de nouveaux investissements.\",\"breadcrumb\":{\"@id\":\"https:\/\/inn-vesta.com\/fr\/login\/#breadcrumb\"},\"inLanguage\":\"fr-FR\",\"potentialAction\":[{\"@type\":\"ReadAction\",\"target\":[\"https:\/\/inn-vesta.com\/fr\/login\/\"]}]},{\"@type\":\"ImageObject\",\"inLanguage\":\"fr-FR\",\"@id\":\"https:\/\/inn-vesta.com\/fr\/login\/#primaryimage\",\"url\":\"https:\/\/inn-vesta.com\/wp-content\/uploads\/footer-logo-img.png\",\"contentUrl\":\"https:\/\/inn-vesta.com\/wp-content\/uploads\/footer-logo-img.png\",\"width\":1509,\"height\":2042},{\"@type\":\"BreadcrumbList\",\"@id\":\"https:\/\/inn-vesta.com\/fr\/login\/#breadcrumb\",\"itemListElement\":[{\"@type\":\"ListItem\",\"position\":1,\"name\":\"Innvesta Dubai\",\"item\":\"https:\/\/inn-vesta.com\/fr\/\"},{\"@type\":\"ListItem\",\"position\":2,\"name\":\"Login\"}]},{\"@type\":\"WebSite\",\"@id\":\"https:\/\/inn-vesta.com\/fr\/#website\",\"url\":\"https:\/\/inn-vesta.com\/fr\/\",\"name\":\"Innvesta Dubai\",\"description\":\"Votre partenaire francophone en immobilier a Dubai\",\"publisher\":{\"@id\":\"https:\/\/inn-vesta.com\/fr\/#organization\"},\"potentialAction\":[{\"@type\":\"SearchAction\",\"target\":{\"@type\":\"EntryPoint\",\"urlTemplate\":\"https:\/\/inn-vesta.com\/fr\/?s={search_term_string}\"},\"query-input\":{\"@type\":\"PropertyValueSpecification\",\"valueRequired\":true,\"valueName\":\"search_term_string\"}}],\"inLanguage\":\"fr-FR\"},{\"@type\":\"Organization\",\"@id\":\"https:\/\/inn-vesta.com\/fr\/#organization\",\"name\":\"Innvesta Dubai\",\"url\":\"https:\/\/inn-vesta.com\/fr\/\",\"logo\":{\"@type\":\"ImageObject\",\"inLanguage\":\"fr-FR\",\"@id\":\"https:\/\/inn-vesta.com\/fr\/#\/schema\/logo\/image\/\",\"url\":\"https:\/\/inn-vesta.com\/wp-content\/uploads\/site-black-logo-svg.svg\",\"contentUrl\":\"https:\/\/inn-vesta.com\/wp-content\/uploads\/site-black-logo-svg.svg\",\"width\":4140,\"height\":1294,\"caption\":\"Innvesta Dubai\"},\"image\":{\"@id\":\"https:\/\/inn-vesta.com\/fr\/#\/schema\/logo\/image\/\"}}]}<\/script>\n<!-- \/ Yoast SEO plugin. -->","yoast_head_json":{"title":"Login | Innvesta","description":"Connectez-vous \u00e0 votre compte Innvesta pour acc\u00e9der \u00e0 des opportunit\u00e9s immobili\u00e8res exclusives \u00e0 Duba\u00ef. D\u00e9couvrez de nouveaux investissements.","robots":{"index":"noindex","follow":"follow"},"og_locale":"fr_FR","og_type":"article","og_title":"Login | Innvesta","og_description":"Connectez-vous \u00e0 votre compte Innvesta pour acc\u00e9der \u00e0 des opportunit\u00e9s immobili\u00e8res exclusives \u00e0 Duba\u00ef. D\u00e9couvrez de nouveaux investissements.","og_url":"https:\/\/inn-vesta.com\/fr\/login\/","og_site_name":"Innvesta","article_modified_time":"2025-01-22T18:21:13+00:00","og_image":[{"width":1509,"height":2042,"url":"https:\/\/inn-vesta.com\/wp-content\/uploads\/footer-logo-img.png","type":"image\/png"}],"twitter_card":"summary_large_image","twitter_misc":{"Dur\u00e9e de lecture estim\u00e9e":"1 minute"},"schema":{"@context":"https:\/\/schema.org","@graph":[{"@type":"WebPage","@id":"https:\/\/inn-vesta.com\/fr\/login\/","url":"https:\/\/inn-vesta.com\/fr\/login\/","name":"Login | Innvesta","isPartOf":{"@id":"https:\/\/inn-vesta.com\/fr\/#website"},"primaryImageOfPage":{"@id":"https:\/\/inn-vesta.com\/fr\/login\/#primaryimage"},"image":{"@id":"https:\/\/inn-vesta.com\/fr\/login\/#primaryimage"},"thumbnailUrl":"https:\/\/inn-vesta.com\/wp-content\/uploads\/footer-logo-img.png","datePublished":"2024-02-05T09:39:20+00:00","dateModified":"2025-01-22T18:21:13+00:00","description":"Connectez-vous \u00e0 votre compte Innvesta pour acc\u00e9der \u00e0 des opportunit\u00e9s immobili\u00e8res exclusives \u00e0 Duba\u00ef. D\u00e9couvrez de nouveaux investissements.","breadcrumb":{"@id":"https:\/\/inn-vesta.com\/fr\/login\/#breadcrumb"},"inLanguage":"fr-FR","potentialAction":[{"@type":"ReadAction","target":["https:\/\/inn-vesta.com\/fr\/login\/"]}]},{"@type":"ImageObject","inLanguage":"fr-FR","@id":"https:\/\/inn-vesta.com\/fr\/login\/#primaryimage","url":"https:\/\/inn-vesta.com\/wp-content\/uploads\/footer-logo-img.png","contentUrl":"https:\/\/inn-vesta.com\/wp-content\/uploads\/footer-logo-img.png","width":1509,"height":2042},{"@type":"BreadcrumbList","@id":"https:\/\/inn-vesta.com\/fr\/login\/#breadcrumb","itemListElement":[{"@type":"ListItem","position":1,"name":"Innvesta Dubai","item":"https:\/\/inn-vesta.com\/fr\/"},{"@type":"ListItem","position":2,"name":"Login"}]},{"@type":"WebSite","@id":"https:\/\/inn-vesta.com\/fr\/#website","url":"https:\/\/inn-vesta.com\/fr\/","name":"Innvesta Dubai","description":"Votre partenaire francophone en immobilier a Dubai","publisher":{"@id":"https:\/\/inn-vesta.com\/fr\/#organization"},"potentialAction":[{"@type":"SearchAction","target":{"@type":"EntryPoint","urlTemplate":"https:\/\/inn-vesta.com\/fr\/?s={search_term_string}"},"query-input":{"@type":"PropertyValueSpecification","valueRequired":true,"valueName":"search_term_string"}}],"inLanguage":"fr-FR"},{"@type":"Organization","@id":"https:\/\/inn-vesta.com\/fr\/#organization","name":"Innvesta Dubai","url":"https:\/\/inn-vesta.com\/fr\/","logo":{"@type":"ImageObject","inLanguage":"fr-FR","@id":"https:\/\/inn-vesta.com\/fr\/#\/schema\/logo\/image\/","url":"https:\/\/inn-vesta.com\/wp-content\/uploads\/site-black-logo-svg.svg","contentUrl":"https:\/\/inn-vesta.com\/wp-content\/uploads\/site-black-logo-svg.svg","width":4140,"height":1294,"caption":"Innvesta Dubai"},"image":{"@id":"https:\/\/inn-vesta.com\/fr\/#\/schema\/logo\/image\/"}}]}},"_links":{"self":[{"href":"https:\/\/inn-vesta.com\/fr\/wp-json\/wp\/v2\/pages\/1908","targetHints":{"allow":["GET"]}}],"collection":[{"href":"https:\/\/inn-vesta.com\/fr\/wp-json\/wp\/v2\/pages"}],"about":[{"href":"https:\/\/inn-vesta.com\/fr\/wp-json\/wp\/v2\/types\/page"}],"author":[{"embeddable":true,"href":"https:\/\/inn-vesta.com\/fr\/wp-json\/wp\/v2\/users\/1"}],"replies":[{"embeddable":true,"href":"https:\/\/inn-vesta.com\/fr\/wp-json\/wp\/v2\/comments?post=1908"}],"version-history":[{"count":0,"href":"https:\/\/inn-vesta.com\/fr\/wp-json\/wp\/v2\/pages\/1908\/revisions"}],"wp:featuredmedia":[{"embeddable":true,"href":"https:\/\/inn-vesta.com\/fr\/wp-json\/wp\/v2\/media\/268"}],"wp:attachment":[{"href":"https:\/\/inn-vesta.com\/fr\/wp-json\/wp\/v2\/media?parent=1908"}],"curies":[{"name":"wp","href":"https:\/\/api.w.org\/{rel}","templated":true}]}}