{"id":294,"date":"2024-01-23T13:38:15","date_gmt":"2024-01-23T13:38:15","guid":{"rendered":"https:\/\/inn-vesta.com\/?page_id=294"},"modified":"2025-10-07T06:13:30","modified_gmt":"2025-10-07T06:13:30","slug":"contactez-nous","status":"publish","type":"page","link":"https:\/\/inn-vesta.com\/fr\/contactez-nous\/","title":{"rendered":"Contactez Innvesta Dubai | Conseils Expert en Investissement Immobilier"},"content":{"rendered":"\t\t<div data-elementor-type=\"wp-page\" data-elementor-id=\"294\" class=\"elementor elementor-294\" data-elementor-post-type=\"page\">\n\t\t\t\t<div class=\"elementor-element elementor-element-2c0a255 e-con-full e-flex e-con e-parent\" data-id=\"2c0a255\" data-element_type=\"container\">\n\t\t\t\t<div class=\"elementor-element elementor-element-3e62f4f elementor-widget__width-inherit elementor-absolute elementor-widget elementor-widget-image\" data-id=\"3e62f4f\" data-element_type=\"widget\" data-settings=\"{&quot;_position&quot;:&quot;absolute&quot;}\" data-widget_type=\"image.default\">\n\t\t\t\t<div class=\"elementor-widget-container\">\n\t\t\t\t\t\t\t\t\t\t\t\t\t\t\t<img fetchpriority=\"high\" decoding=\"async\" width=\"2500\" height=\"873\" src=\"https:\/\/inn-vesta.com\/wp-content\/uploads\/contact-us-hero-img.jpg\" class=\"attachment-full size-full wp-image-301\" alt=\"\" srcset=\"https:\/\/inn-vesta.com\/wp-content\/uploads\/contact-us-hero-img.jpg 2500w, https:\/\/inn-vesta.com\/wp-content\/uploads\/contact-us-hero-img-300x105.jpg 300w, https:\/\/inn-vesta.com\/wp-content\/uploads\/contact-us-hero-img-1024x358.jpg 1024w, https:\/\/inn-vesta.com\/wp-content\/uploads\/contact-us-hero-img-768x268.jpg 768w, https:\/\/inn-vesta.com\/wp-content\/uploads\/contact-us-hero-img-1536x536.jpg 1536w, https:\/\/inn-vesta.com\/wp-content\/uploads\/contact-us-hero-img-2048x715.jpg 2048w\" sizes=\"(max-width: 2500px) 100vw, 2500px\" \/>\t\t\t\t\t\t\t\t\t\t\t\t\t\t\t<\/div>\n\t\t\t\t<\/div>\n\t\t<div class=\"elementor-element elementor-element-6436074 e-con-full e-flex e-con e-child\" data-id=\"6436074\" data-element_type=\"container\" data-settings=\"{&quot;background_background&quot;:&quot;classic&quot;}\">\n\t\t\t\t<div class=\"elementor-element elementor-element-4f90b7f elementor-widget elementor-widget-heading\" data-id=\"4f90b7f\" data-element_type=\"widget\" data-widget_type=\"heading.default\">\n\t\t\t\t<div class=\"elementor-widget-container\">\n\t\t\t\t\t<h1 class=\"elementor-heading-title elementor-size-default\">Contactez-nous<\/h1>\t\t\t\t<\/div>\n\t\t\t\t<\/div>\n\t\t\t\t<div class=\"elementor-element elementor-element-3d70bdf elementor-widget elementor-widget-heading\" data-id=\"3d70bdf\" data-element_type=\"widget\" data-widget_type=\"heading.default\">\n\t\t\t\t<div class=\"elementor-widget-container\">\n\t\t\t\t\t<p class=\"elementor-heading-title elementor-size-default\">En remplissant ce formulaire nous pourrons vous rappeler dans les plus brefs delais.<\/p>\t\t\t\t<\/div>\n\t\t\t\t<\/div>\n\t\t\t\t<div class=\"elementor-element elementor-element-2fe2377 contact-us-form elementor-hidden-desktop elementor-hidden-laptop elementor-hidden-tablet elementor-hidden-mobile elementor-button-align-stretch elementor-widget elementor-widget-form\" data-id=\"2fe2377\" data-element_type=\"widget\" data-settings=\"{&quot;button_width&quot;:&quot;75&quot;,&quot;step_next_label&quot;:&quot;Next&quot;,&quot;step_previous_label&quot;:&quot;Previous&quot;,&quot;button_width_tablet&quot;:&quot;100&quot;,&quot;step_type&quot;:&quot;number_text&quot;,&quot;step_icon_shape&quot;:&quot;circle&quot;}\" data-widget_type=\"form.default\">\n\t\t\t\t<div class=\"elementor-widget-container\">\n\t\t\t\t\t\t\t<form class=\"elementor-form\" method=\"post\" name=\"New Form\">\n\t\t\t<input type=\"hidden\" name=\"post_id\" value=\"294\"\/>\n\t\t\t<input type=\"hidden\" name=\"form_id\" value=\"2fe2377\"\/>\n\t\t\t<input type=\"hidden\" name=\"referer_title\" value=\"Innvesta\" \/>\n\n\t\t\t\n\t\t\t<div class=\"elementor-form-fields-wrapper elementor-labels-\">\n\t\t\t\t\t\t\t\t<div class=\"elementor-field-type-text elementor-field-group elementor-column elementor-field-group-field_5dbcbef elementor-col-50\">\n\t\t\t\t\t\t\t\t\t\t\t\t<label for=\"form-field-field_5dbcbef\" class=\"elementor-field-label elementor-screen-only\">\n\t\t\t\t\t\t\t\tPrenom\t\t\t\t\t\t\t<\/label>\n\t\t\t\t\t\t\t\t\t\t\t\t\t\t<input size=\"1\" type=\"text\" name=\"form_fields[field_5dbcbef]\" id=\"form-field-field_5dbcbef\" class=\"elementor-field elementor-size-sm  elementor-field-textual\" placeholder=\"Prenom\">\n\t\t\t\t\t\t\t\t\t\t\t<\/div>\n\t\t\t\t\t\t\t\t<div class=\"elementor-field-type-text elementor-field-group elementor-column elementor-field-group-field_a7503c9 elementor-col-50 elementor-field-required\">\n\t\t\t\t\t\t\t\t\t\t\t\t<label for=\"form-field-field_a7503c9\" class=\"elementor-field-label elementor-screen-only\">\n\t\t\t\t\t\t\t\tNom\t\t\t\t\t\t\t<\/label>\n\t\t\t\t\t\t\t\t\t\t\t\t\t\t<input size=\"1\" type=\"text\" name=\"form_fields[field_a7503c9]\" id=\"form-field-field_a7503c9\" class=\"elementor-field elementor-size-sm  elementor-field-textual\" placeholder=\"Nom*\" required=\"required\" aria-required=\"true\">\n\t\t\t\t\t\t\t\t\t\t\t<\/div>\n\t\t\t\t\t\t\t\t<div class=\"elementor-field-type-email elementor-field-group elementor-column elementor-field-group-field_b16a8d5 elementor-col-50 elementor-field-required\">\n\t\t\t\t\t\t\t\t\t\t\t\t<label for=\"form-field-field_b16a8d5\" class=\"elementor-field-label elementor-screen-only\">\n\t\t\t\t\t\t\t\tE-mail\t\t\t\t\t\t\t<\/label>\n\t\t\t\t\t\t\t\t\t\t\t\t\t\t<input size=\"1\" type=\"email\" name=\"form_fields[field_b16a8d5]\" id=\"form-field-field_b16a8d5\" class=\"elementor-field elementor-size-sm  elementor-field-textual\" placeholder=\"E-mail*\" required=\"required\" aria-required=\"true\">\n\t\t\t\t\t\t\t\t\t\t\t<\/div>\n\t\t\t\t\t\t\t\t<div class=\"elementor-field-type-tel elementor-field-group elementor-column elementor-field-group-field_f4cc76b elementor-col-50 elementor-field-required\">\n\t\t\t\t\t\t\t\t\t\t\t\t<label for=\"form-field-field_f4cc76b\" class=\"elementor-field-label elementor-screen-only\">\n\t\t\t\t\t\t\t\tMobile\t\t\t\t\t\t\t<\/label>\n\t\t\t\t\t\t\t\t<input size=\"1\" type=\"tel\" name=\"form_fields[field_f4cc76b]\" id=\"form-field-field_f4cc76b\" class=\"elementor-field elementor-size-sm  elementor-field-textual\" placeholder=\"Mobile*\" required=\"required\" aria-required=\"true\" pattern=\"[0-9()#&amp;+*-=.]+\" title=\"Seuls les caract\u00e8res de num\u00e9ros de t\u00e9l\u00e9phone (#, -, *, etc.) sont accept\u00e9s.\">\n\n\t\t\t\t\t\t<\/div>\n\t\t\t\t\t\t\t\t<div class=\"elementor-field-type-textarea elementor-field-group elementor-column elementor-field-group-field_793e013 elementor-col-100\">\n\t\t\t\t\t\t\t\t\t\t\t\t<label for=\"form-field-field_793e013\" class=\"elementor-field-label elementor-screen-only\">\n\t\t\t\t\t\t\t\tInformations supplementaires\t\t\t\t\t\t\t<\/label>\n\t\t\t\t\t\t<textarea class=\"elementor-field-textual elementor-field  elementor-size-sm\" name=\"form_fields[field_793e013]\" id=\"form-field-field_793e013\" rows=\"5\" placeholder=\"Informations supplementaires\"><\/textarea>\t\t\t\t<\/div>\n\t\t\t\t\t\t\t\t<div class=\"elementor-field-type-recaptcha elementor-field-group elementor-column elementor-field-group-name elementor-col-100\">\n\t\t\t\t\t<div class=\"elementor-field\" id=\"form-field-name\"><div class=\"elementor-g-recaptcha\" data-sitekey=\"6LcTyK0pAAAAABVNrPER7NwQI7s8eerTUGH7WkoU\" data-type=\"v2_checkbox\" data-theme=\"light\" data-size=\"normal\"><\/div><\/div>\t\t\t\t<\/div>\n\t\t\t\t\t\t\t\t<div class=\"elementor-field-group elementor-column elementor-field-type-submit elementor-col-75 e-form__buttons elementor-md-100\">\n\t\t\t\t\t<button class=\"elementor-button elementor-size-sm\" type=\"submit\">\n\t\t\t\t\t\t<span class=\"elementor-button-content-wrapper\">\n\t\t\t\t\t\t\t\t\t\t\t\t\t\t\t\t\t\t\t\t\t\t<span class=\"elementor-button-text\">Envoyer ma demande<\/span>\n\t\t\t\t\t\t\t\t\t\t\t\t\t<\/span>\n\t\t\t\t\t<\/button>\n\t\t\t\t<\/div>\n\t\t\t<\/div>\n\t\t<\/form>\n\t\t\t\t\t\t<\/div>\n\t\t\t\t<\/div>\n\t\t\t\t<div class=\"elementor-element elementor-element-60707da zoho-contact-form elementor-widget elementor-widget-html\" data-id=\"60707da\" data-element_type=\"widget\" data-widget_type=\"html.default\">\n\t\t\t\t<div class=\"elementor-widget-container\">\n\t\t\t\t\t<form action=\"https:\/\/forms.zohopublic.com\/innvesta\/form\/Contacteznous\/formperma\/fvWnjX9vLUjuIjCjajHMLI_bgYn8AobASdFHlfb0xZU\/htmlRecords\/submit\" name=\"form\" method=\"POST\" onsubmit=\"javascript:document.charset=&quot;UTF-8&quot;; return zf_ValidateAndSubmit();\" accept-charset=\"UTF-8\" enctype=\"multipart\/form-data\" id=\"form\">\r\n    <input type=\"hidden\" name=\"zf_referrer_name\" value=\"\">\r\n    <input type=\"hidden\" name=\"zf_redirect_url\" value=\"\">\r\n    <input type=\"hidden\" name=\"zc_gad\" value=\"\">\r\n    <div class=\"zf-templateWrapper\">\r\n        <div class=\"zf-subContWrap zf-topAlign\">\r\n            <ul>\r\n                <li class=\"zf-tempFrmWrapper zf-small\">\r\n                    <label class=\"zf-labelName\"> \r\n                        Pr\u00e9nom \r\n                        <em class=\"zf-important\">*<\/em>\r\n                    <\/label>\r\n                    <div class=\"zf-tempContDiv\">\r\n                        <span><input type=\"text\" name=\"SingleLine\" checktype=\"c1\" value=\"\" maxlength=\"255\" fieldtype=\"1\" placeholder=\"Pr\u00e9nom\"><\/span>\r\n                        <p id=\"SingleLine_error\" class=\"zf-errorMessage\" style=\"display:none;\">Invalid value<\/p>\r\n                    <\/div>\r\n                    <div class=\"zf-clearBoth\"><\/div>\r\n                <\/li>\r\n                <li class=\"zf-tempFrmWrapper zf-small\">\r\n                    <label class=\"zf-labelName\"> \r\n                        Nom \r\n                        <em class=\"zf-important\">*<\/em>\r\n                    <\/label>\r\n                    <div class=\"zf-tempContDiv\">\r\n                        <span><input type=\"text\" name=\"SingleLine1\" checktype=\"c1\" value=\"\" maxlength=\"255\" fieldtype=\"1\" placeholder=\"Nom\"><\/span>\r\n                        <p id=\"SingleLine1_error\" class=\"zf-errorMessage\" style=\"display:none;\">Invalid value<\/p>\r\n                    <\/div>\r\n                    <div class=\"zf-clearBoth\"><\/div>\r\n                <\/li>\r\n                <li class=\"zf-tempFrmWrapper zf-small\">\r\n                    <label class=\"zf-labelName\"> \r\n                        Mobile \r\n                        <em class=\"zf-important\">*<\/em>\r\n                    <\/label>\r\n                    <div class=\"zf-tempContDiv zf-phonefld\">\r\n                        <div class=\"zf-phwrapper\">\r\n                            <span><input type=\"hidden\" compname=\"PhoneNumber_countrycodeval\" name=\"PhoneNumber_countrycodeval\" checktype=\"c7\" maxlength=\"10\" phoneformat=\"1\" iscountrycodeenabled=\"true\" id=\"international_PhoneNumber_countrycodeval\" valtype=\"code\" placeholder=\"Code\">\r\n                            <label>Code<\/label><\/span>\r\n                            <span><input type=\"text\" compname=\"PhoneNumber\" name=\"PhoneNumber_countrycode\" maxlength=\"20\" checktype=\"c7\" value=\"\" phoneformat=\"1\" iscountrycodeenabled=\"true\" fieldtype=\"11\" id=\"international_PhoneNumber_countrycode\" valtype=\"number\" phoneformattype=\"1\" placeholder=\"Number\">\r\n                            <label>Number<\/label><\/span>\r\n                            <div class=\"zf-clearBoth\"><\/div>\r\n                        <\/div>\r\n                        <p id=\"PhoneNumber_error\" class=\"zf-errorMessage\" style=\"display:none;\">Invalid value<\/p>\r\n                    <\/div>\r\n                    <div class=\"zf-clearBoth\"><\/div>\r\n                <\/li>\r\n                <li class=\"zf-tempFrmWrapper zf-small\">\r\n                    <label class=\"zf-labelName\"> \r\n                        Email \r\n                        <em class=\"zf-important\">*<\/em>\r\n                    <\/label>\r\n                    <div class=\"zf-tempContDiv\">\r\n                        <span><input fieldtype=\"9\" type=\"text\" maxlength=\"255\" name=\"Email\" checktype=\"c5\" value=\"\" placeholder=\"Email\"><\/span>\r\n                        <p id=\"Email_error\" class=\"zf-errorMessage\" style=\"display:none;\">Invalid value<\/p>\r\n                    <\/div>\r\n                    <div class=\"zf-clearBoth\"><\/div>\r\n                <\/li>\r\n                <li class=\"zf-tempFrmWrapper zf-small\">\r\n                    <label class=\"zf-labelName\"> \r\n                        Informations \r\n                    <\/label>\r\n                    <div class=\"zf-tempContDiv\">\r\n                        <span><textarea name=\"MultiLine\" checktype=\"c1\" maxlength=\"65535\" placeholder=\"Informations\"><\/textarea><\/span>\r\n                        <p id=\"MultiLine_error\" class=\"zf-errorMessage\" style=\"display:none;\">Invalid value<\/p>\r\n                    <\/div>\r\n                    <div class=\"zf-clearBoth\"><\/div>\r\n                <\/li>\r\n            <\/ul>\r\n        <\/div>\r\n        <ul>\r\n            <li class=\"zf-fmFooter\"><button class=\"zf-submitColor\">Envoyer<\/button><\/li>\r\n        <\/ul>\r\n    <\/div>\r\n<\/form>\r\n\t\t\t\t<\/div>\n\t\t\t\t<\/div>\n\t\t\t\t<\/div>\n\t\t\t\t<\/div>\n\t\t\t\t<\/div>\n\t\t","protected":false},"excerpt":{"rendered":"<p>Contactez-nous En remplissant ce formulaire nous pourrons vous rappeler dans les plus brefs delais. Pr\u00e9nom * Invalid value Nom * Invalid value Mobile * Code Number Invalid value Email * Invalid value Informations Invalid value Envoyer<\/p>\n","protected":false},"author":1,"featured_media":0,"parent":0,"menu_order":0,"comment_status":"closed","ping_status":"closed","template":"","meta":{"footnotes":""},"class_list":["post-294","page","type-page","status-publish","hentry"],"yoast_head":"<!-- This site is optimized with the Yoast SEO plugin v25.5 - https:\/\/yoast.com\/wordpress\/plugins\/seo\/ -->\n<title>Contactez Innvesta Dubai | Conseils Expert Immobilier<\/title>\n<meta name=\"description\" content=\"Contactez l\u2019\u00e9quipe Innvesta \u00e0 Duba\u00ef pour profiter d\u2019un accompagnement immobilier sur mesure. Parlons ensemble de vos objectifs d\u2019investissement.\" \/>\n<meta name=\"robots\" content=\"index, follow, max-snippet:-1, max-image-preview:large, max-video-preview:-1\" \/>\n<meta property=\"og:locale\" content=\"fr_FR\" \/>\n<meta property=\"og:type\" content=\"article\" \/>\n<meta property=\"og:title\" content=\"Contactez Innvesta Dubai | Conseils Expert Immobilier\" \/>\n<meta property=\"og:description\" content=\"Contactez l\u2019\u00e9quipe Innvesta \u00e0 Duba\u00ef pour profiter d\u2019un accompagnement immobilier sur mesure. Parlons ensemble de vos objectifs d\u2019investissement.\" \/>\n<meta property=\"og:url\" content=\"https:\/\/inn-vesta.com\/fr\/contactez-nous\/\" \/>\n<meta property=\"og:site_name\" content=\"Innvesta\" \/>\n<meta property=\"article:modified_time\" content=\"2025-10-07T06:13:30+00:00\" \/>\n<meta property=\"og:image\" content=\"https:\/\/inn-vesta.com\/wp-content\/uploads\/contact-us-hero-img.jpg\" \/>\n\t<meta property=\"og:image:width\" content=\"2500\" \/>\n\t<meta property=\"og:image:height\" content=\"873\" \/>\n\t<meta property=\"og:image:type\" content=\"image\/jpeg\" \/>\n<meta name=\"twitter:card\" content=\"summary_large_image\" \/>\n<meta name=\"twitter:label1\" content=\"Dur\u00e9e de lecture estim\u00e9e\" \/>\n\t<meta name=\"twitter:data1\" content=\"1 minute\" \/>\n<script type=\"application\/ld+json\" class=\"yoast-schema-graph\">{\"@context\":\"https:\/\/schema.org\",\"@graph\":[{\"@type\":\"WebPage\",\"@id\":\"https:\/\/inn-vesta.com\/fr\/contactez-nous\/\",\"url\":\"https:\/\/inn-vesta.com\/fr\/contactez-nous\/\",\"name\":\"Contactez Innvesta Dubai | Conseils Expert Immobilier\",\"isPartOf\":{\"@id\":\"https:\/\/inn-vesta.com\/fr\/#website\"},\"primaryImageOfPage\":{\"@id\":\"https:\/\/inn-vesta.com\/fr\/contactez-nous\/#primaryimage\"},\"image\":{\"@id\":\"https:\/\/inn-vesta.com\/fr\/contactez-nous\/#primaryimage\"},\"thumbnailUrl\":\"https:\/\/inn-vesta.com\/wp-content\/uploads\/contact-us-hero-img.jpg\",\"datePublished\":\"2024-01-23T13:38:15+00:00\",\"dateModified\":\"2025-10-07T06:13:30+00:00\",\"description\":\"Contactez l\u2019\u00e9quipe Innvesta \u00e0 Duba\u00ef pour profiter d\u2019un accompagnement immobilier sur mesure. Parlons ensemble de vos objectifs d\u2019investissement.\",\"breadcrumb\":{\"@id\":\"https:\/\/inn-vesta.com\/fr\/contactez-nous\/#breadcrumb\"},\"inLanguage\":\"fr-FR\",\"potentialAction\":[{\"@type\":\"ReadAction\",\"target\":[\"https:\/\/inn-vesta.com\/fr\/contactez-nous\/\"]}]},{\"@type\":\"ImageObject\",\"inLanguage\":\"fr-FR\",\"@id\":\"https:\/\/inn-vesta.com\/fr\/contactez-nous\/#primaryimage\",\"url\":\"https:\/\/inn-vesta.com\/wp-content\/uploads\/contact-us-hero-img.jpg\",\"contentUrl\":\"https:\/\/inn-vesta.com\/wp-content\/uploads\/contact-us-hero-img.jpg\"},{\"@type\":\"BreadcrumbList\",\"@id\":\"https:\/\/inn-vesta.com\/fr\/contactez-nous\/#breadcrumb\",\"itemListElement\":[{\"@type\":\"ListItem\",\"position\":1,\"name\":\"Innvesta Dubai\",\"item\":\"https:\/\/inn-vesta.com\/fr\/\"},{\"@type\":\"ListItem\",\"position\":2,\"name\":\"Contactez Innvesta Dubai | Conseils Expert en Investissement Immobilier\"}]},{\"@type\":\"WebSite\",\"@id\":\"https:\/\/inn-vesta.com\/fr\/#website\",\"url\":\"https:\/\/inn-vesta.com\/fr\/\",\"name\":\"Innvesta Dubai\",\"description\":\"Votre partenaire francophone en immobilier a Dubai\",\"publisher\":{\"@id\":\"https:\/\/inn-vesta.com\/fr\/#organization\"},\"potentialAction\":[{\"@type\":\"SearchAction\",\"target\":{\"@type\":\"EntryPoint\",\"urlTemplate\":\"https:\/\/inn-vesta.com\/fr\/?s={search_term_string}\"},\"query-input\":{\"@type\":\"PropertyValueSpecification\",\"valueRequired\":true,\"valueName\":\"search_term_string\"}}],\"inLanguage\":\"fr-FR\"},{\"@type\":\"Organization\",\"@id\":\"https:\/\/inn-vesta.com\/fr\/#organization\",\"name\":\"Innvesta Dubai\",\"url\":\"https:\/\/inn-vesta.com\/fr\/\",\"logo\":{\"@type\":\"ImageObject\",\"inLanguage\":\"fr-FR\",\"@id\":\"https:\/\/inn-vesta.com\/fr\/#\/schema\/logo\/image\/\",\"url\":\"https:\/\/inn-vesta.com\/wp-content\/uploads\/site-black-logo-svg.svg\",\"contentUrl\":\"https:\/\/inn-vesta.com\/wp-content\/uploads\/site-black-logo-svg.svg\",\"width\":4140,\"height\":1294,\"caption\":\"Innvesta Dubai\"},\"image\":{\"@id\":\"https:\/\/inn-vesta.com\/fr\/#\/schema\/logo\/image\/\"}}]}<\/script>\n<!-- \/ Yoast SEO plugin. -->","yoast_head_json":{"title":"Contactez Innvesta Dubai | Conseils Expert Immobilier","description":"Contactez l\u2019\u00e9quipe Innvesta \u00e0 Duba\u00ef pour profiter d\u2019un accompagnement immobilier sur mesure. Parlons ensemble de vos objectifs d\u2019investissement.","robots":{"index":"index","follow":"follow","max-snippet":"max-snippet:-1","max-image-preview":"max-image-preview:large","max-video-preview":"max-video-preview:-1"},"og_locale":"fr_FR","og_type":"article","og_title":"Contactez Innvesta Dubai | Conseils Expert Immobilier","og_description":"Contactez l\u2019\u00e9quipe Innvesta \u00e0 Duba\u00ef pour profiter d\u2019un accompagnement immobilier sur mesure. Parlons ensemble de vos objectifs d\u2019investissement.","og_url":"https:\/\/inn-vesta.com\/fr\/contactez-nous\/","og_site_name":"Innvesta","article_modified_time":"2025-10-07T06:13:30+00:00","og_image":[{"width":2500,"height":873,"url":"https:\/\/inn-vesta.com\/wp-content\/uploads\/contact-us-hero-img.jpg","type":"image\/jpeg"}],"twitter_card":"summary_large_image","twitter_misc":{"Dur\u00e9e de lecture estim\u00e9e":"1 minute"},"schema":{"@context":"https:\/\/schema.org","@graph":[{"@type":"WebPage","@id":"https:\/\/inn-vesta.com\/fr\/contactez-nous\/","url":"https:\/\/inn-vesta.com\/fr\/contactez-nous\/","name":"Contactez Innvesta Dubai | Conseils Expert Immobilier","isPartOf":{"@id":"https:\/\/inn-vesta.com\/fr\/#website"},"primaryImageOfPage":{"@id":"https:\/\/inn-vesta.com\/fr\/contactez-nous\/#primaryimage"},"image":{"@id":"https:\/\/inn-vesta.com\/fr\/contactez-nous\/#primaryimage"},"thumbnailUrl":"https:\/\/inn-vesta.com\/wp-content\/uploads\/contact-us-hero-img.jpg","datePublished":"2024-01-23T13:38:15+00:00","dateModified":"2025-10-07T06:13:30+00:00","description":"Contactez l\u2019\u00e9quipe Innvesta \u00e0 Duba\u00ef pour profiter d\u2019un accompagnement immobilier sur mesure. Parlons ensemble de vos objectifs d\u2019investissement.","breadcrumb":{"@id":"https:\/\/inn-vesta.com\/fr\/contactez-nous\/#breadcrumb"},"inLanguage":"fr-FR","potentialAction":[{"@type":"ReadAction","target":["https:\/\/inn-vesta.com\/fr\/contactez-nous\/"]}]},{"@type":"ImageObject","inLanguage":"fr-FR","@id":"https:\/\/inn-vesta.com\/fr\/contactez-nous\/#primaryimage","url":"https:\/\/inn-vesta.com\/wp-content\/uploads\/contact-us-hero-img.jpg","contentUrl":"https:\/\/inn-vesta.com\/wp-content\/uploads\/contact-us-hero-img.jpg"},{"@type":"BreadcrumbList","@id":"https:\/\/inn-vesta.com\/fr\/contactez-nous\/#breadcrumb","itemListElement":[{"@type":"ListItem","position":1,"name":"Innvesta Dubai","item":"https:\/\/inn-vesta.com\/fr\/"},{"@type":"ListItem","position":2,"name":"Contactez Innvesta Dubai | Conseils Expert en Investissement Immobilier"}]},{"@type":"WebSite","@id":"https:\/\/inn-vesta.com\/fr\/#website","url":"https:\/\/inn-vesta.com\/fr\/","name":"Innvesta Dubai","description":"Votre partenaire francophone en immobilier a Dubai","publisher":{"@id":"https:\/\/inn-vesta.com\/fr\/#organization"},"potentialAction":[{"@type":"SearchAction","target":{"@type":"EntryPoint","urlTemplate":"https:\/\/inn-vesta.com\/fr\/?s={search_term_string}"},"query-input":{"@type":"PropertyValueSpecification","valueRequired":true,"valueName":"search_term_string"}}],"inLanguage":"fr-FR"},{"@type":"Organization","@id":"https:\/\/inn-vesta.com\/fr\/#organization","name":"Innvesta Dubai","url":"https:\/\/inn-vesta.com\/fr\/","logo":{"@type":"ImageObject","inLanguage":"fr-FR","@id":"https:\/\/inn-vesta.com\/fr\/#\/schema\/logo\/image\/","url":"https:\/\/inn-vesta.com\/wp-content\/uploads\/site-black-logo-svg.svg","contentUrl":"https:\/\/inn-vesta.com\/wp-content\/uploads\/site-black-logo-svg.svg","width":4140,"height":1294,"caption":"Innvesta Dubai"},"image":{"@id":"https:\/\/inn-vesta.com\/fr\/#\/schema\/logo\/image\/"}}]}},"_links":{"self":[{"href":"https:\/\/inn-vesta.com\/fr\/wp-json\/wp\/v2\/pages\/294","targetHints":{"allow":["GET"]}}],"collection":[{"href":"https:\/\/inn-vesta.com\/fr\/wp-json\/wp\/v2\/pages"}],"about":[{"href":"https:\/\/inn-vesta.com\/fr\/wp-json\/wp\/v2\/types\/page"}],"author":[{"embeddable":true,"href":"https:\/\/inn-vesta.com\/fr\/wp-json\/wp\/v2\/users\/1"}],"replies":[{"embeddable":true,"href":"https:\/\/inn-vesta.com\/fr\/wp-json\/wp\/v2\/comments?post=294"}],"version-history":[{"count":3,"href":"https:\/\/inn-vesta.com\/fr\/wp-json\/wp\/v2\/pages\/294\/revisions"}],"predecessor-version":[{"id":18219,"href":"https:\/\/inn-vesta.com\/fr\/wp-json\/wp\/v2\/pages\/294\/revisions\/18219"}],"wp:attachment":[{"href":"https:\/\/inn-vesta.com\/fr\/wp-json\/wp\/v2\/media?parent=294"}],"curies":[{"name":"wp","href":"https:\/\/api.w.org\/{rel}","templated":true}]}}